{"id":519,"date":"2022-03-30T07:03:36","date_gmt":"2022-03-30T07:03:36","guid":{"rendered":"https:\/\/www.dobar-odmor-bol.com.hr\/?page_id=519"},"modified":"2022-03-30T07:49:29","modified_gmt":"2022-03-30T07:49:29","slug":"lokacija","status":"publish","type":"page","link":"https:\/\/www.dobar-odmor-bol.com.hr\/en\/lokacija\/","title":{"rendered":"Location"},"content":{"rendered":"<p>[et_pb_section fb_built=&#8221;1&#8243; custom_padding_last_edited=&#8221;on|phone&#8221; disabled_on=&#8221;on|on|off&#8221; _builder_version=&#8221;4.14.8&#8243; _module_preset=&#8221;default&#8221; background_image=&#8221;https:\/\/www.dobar-odmor-bol.com.hr\/wp-content\/uploads\/2022\/03\/pogled-sa-vidove-gore.jpg&#8221; max_width=&#8221;80%&#8221; module_alignment=&#8221;center&#8221; height_tablet=&#8221;20vh&#8221; height_phone=&#8221;24vh&#8221; height_last_edited=&#8221;off|desktop&#8221; custom_margin=&#8221;0px||0px||false|false&#8221; custom_padding=&#8221;40px||100px|40px|false|false&#8221; custom_padding_tablet=&#8221;40px|32px|20px|20px|false|false&#8221; custom_padding_phone=&#8221;40px|32px|20px|20px|false|false&#8221; background_last_edited=&#8221;off|desktop&#8221; background_position_phone=&#8221;bottom_center&#8221; border_radii=&#8221;on|20px|20px|20px|20px&#8221; global_colors_info=&#8221;{}&#8221;][et_pb_row _builder_version=&#8221;4.14.8&#8243; _module_preset=&#8221;default&#8221; width=&#8221;100%&#8221; max_width=&#8221;100%&#8221; custom_margin=&#8221;||0px||false|false&#8221; custom_padding=&#8221;||0px||false|false&#8221; global_colors_info=&#8221;{}&#8221;][et_pb_column type=&#8221;4_4&#8243; _builder_version=&#8221;4.6.4&#8243; _module_preset=&#8221;default&#8221; global_colors_info=&#8221;{}&#8221;][et_pb_text _builder_version=&#8221;4.14.8&#8243; _module_preset=&#8221;default&#8221; text_font=&#8221;EuclidCircularA Regular||||||||&#8221; text_text_color=&#8221;#000000&#8243; text_font_size=&#8221;19px&#8221; header_font=&#8221;EuclidCircularA Bold|||on|||||&#8221; header_text_color=&#8221;#ffffff&#8221; header_font_size=&#8221;36px&#8221; header_font_size_tablet=&#8221;32px&#8221; header_font_size_phone=&#8221;28px&#8221; header_font_size_last_edited=&#8221;on|phone&#8221; global_colors_info=&#8221;{}&#8221;]<\/p>\n<h1>Location<\/h1>\n<p>[\/et_pb_text][\/et_pb_column][\/et_pb_row][\/et_pb_section][et_pb_section fb_built=&#8221;1&#8243; custom_padding_last_edited=&#8221;on|phone&#8221; _builder_version=&#8221;4.14.8&#8243; _module_preset=&#8221;default&#8221; background_enable_image=&#8221;off&#8221; max_width=&#8221;80%&#8221; module_alignment=&#8221;center&#8221; height_tablet=&#8221;60vh&#8221; height_phone=&#8221;60vh&#8221; height_last_edited=&#8221;off|desktop&#8221; custom_margin=&#8221;0px||||false|false&#8221; custom_padding=&#8221;0px||||false|false&#8221; custom_padding_tablet=&#8221;||||false|false&#8221; custom_padding_phone=&#8221;0px||||false|false&#8221; background_last_edited=&#8221;on|phone&#8221; background_position_phone=&#8221;bottom_center&#8221; border_radii=&#8221;on|20px|20px|20px|20px&#8221; global_colors_info=&#8221;{}&#8221;][et_pb_row use_custom_gutter=&#8221;on&#8221; gutter_width=&#8221;2&#8243; disabled_on=&#8221;on|on|off&#8221; _builder_version=&#8221;4.14.8&#8243; _module_preset=&#8221;default&#8221; width=&#8221;100%&#8221; max_width=&#8221;100%&#8221; custom_padding=&#8221;||||false|false&#8221; global_colors_info=&#8221;{}&#8221;][et_pb_column type=&#8221;4_4&#8243; _builder_version=&#8221;4.6.4&#8243; _module_preset=&#8221;default&#8221; global_colors_info=&#8221;{}&#8221;][et_pb_gallery gallery_ids=&#8221;135,353,136,134,133,391,359&#8243; show_title_and_caption=&#8221;off&#8221; show_pagination=&#8221;off&#8221; _builder_version=&#8221;4.14.8&#8243; _module_preset=&#8221;default&#8221; border_radii=&#8221;on|20px|20px|20px|20px&#8221; global_colors_info=&#8221;{}&#8221;][\/et_pb_gallery][et_pb_text disabled_on=&#8221;off|off|off&#8221; _builder_version=&#8221;4.14.8&#8243; _module_preset=&#8221;default&#8221; text_text_color=&#8221;#000000&#8243; custom_margin=&#8221;0px||40px||false|false&#8221; custom_padding=&#8221;0px||||false|false&#8221; global_colors_info=&#8221;{}&#8221;]<\/p>\n<p><span>Click on image to view gallery.<\/span><\/p>\n<p>[\/et_pb_text][\/et_pb_column][\/et_pb_row][et_pb_row _builder_version=&#8221;4.14.8&#8243; _module_preset=&#8221;default&#8221; width_tablet=&#8221;100%&#8221; width_phone=&#8221;100%&#8221; width_last_edited=&#8221;on|tablet&#8221; max_width=&#8221;100%&#8221; custom_padding=&#8221;||||false|false&#8221; hover_enabled=&#8221;0&#8243; global_colors_info=&#8221;{}&#8221; width=&#8221;100%&#8221; sticky_enabled=&#8221;0&#8243;][et_pb_column type=&#8221;4_4&#8243; _builder_version=&#8221;4.6.4&#8243; _module_preset=&#8221;default&#8221; global_colors_info=&#8221;{}&#8221;][et_pb_text _builder_version=&#8221;4.14.8&#8243; _module_preset=&#8221;default&#8221; text_font=&#8221;EuclidCircularA Regular||||||||&#8221; text_text_color=&#8221;#000000&#8243; text_font_size=&#8221;19px&#8221; header_2_font=&#8221;EuclidCircularA Light|||on|||||&#8221; header_2_font_size=&#8221;36px&#8221; header_2_font_size_tablet=&#8221;32px&#8221; header_2_font_size_phone=&#8221;28px&#8221; header_2_font_size_last_edited=&#8221;on|phone&#8221; global_colors_info=&#8221;{}&#8221;]<\/p>\n<h2>Getting to know<\/h2>\n<h2 style=\"line-height: 0.8; font-family: EuclidCircularA Bold;\">Bol<\/h2>\n<p>[\/et_pb_text][et_pb_text _builder_version=&#8221;4.14.8&#8243; _module_preset=&#8221;default&#8221; text_font=&#8221;EuclidCircularA Regular||||||||&#8221; text_text_color=&#8221;#000000&#8243; text_font_size=&#8221;19px&#8221; hover_enabled=&#8221;0&#8243; global_colors_info=&#8221;{}&#8221; sticky_enabled=&#8221;0&#8243; header_2_font_size_last_edited=&#8221;on|phone&#8221; header_2_font_size_phone=&#8221;22px&#8221; header_2_line_height=&#8221;1.3em&#8221;]<\/p>\n<div class=\"et_pb_module et_pb_text et_pb_text_3  et_pb_text_align_left et_pb_bg_layout_light\">\n<div class=\"et_pb_text_inner\">\n<p><span>BOL - Croatian Tourism Champion 2010 2011<\/span><\/p>\n<h2>Zlatni Rat (The Golden Cape) is on the list of the most beautiful places in the world.<\/h2>\n<p>&nbsp;<\/p>\n<p>The Los Angeles Times published a list of 40 most beautiful and exceptional places in the world. The list contains most unusual places such as The Great Golden Hole on the Bahamas, The Iced Hotel in Sweden, The Underwater Restaurant in Maldivian, Cappadocia in Turkey and of course, the beach Zlatni Rat on the island of Bra\u010d.<\/p>\n<p>The Los Angeles Times, without any question, put Zlatni Rat on the island of Bra\u0107 on the list of the most beautiful and remarkable places in the world. The LA Times states: \u2018For those who think that all beaches are the same (water, sand, waves) let them think again. Welcome to Zlatni Rat, a spectacular beach on the coast of Croatia.\u2019<\/p>\n<p>Besides, its beauty, the beach of Zlatni Rat deserves to be on the list because of its ever changing shape under the influence of the wind and waves. The point of the Zlatni Rat beach turns its point in the direction the wind is blowing.<\/p>\n<\/div>\n<\/div>\n<p>[\/et_pb_text][et_pb_image src=&#8221;https:\/\/www.dobar-odmor-bol.com.hr\/wp-content\/uploads\/2022\/03\/aktivnosti.jpg&#8221; title_text=&#8221;aktivnosti&#8221; _builder_version=&#8221;4.14.8&#8243; _module_preset=&#8221;default&#8221; custom_margin=&#8221;60px||||false|false&#8221; global_colors_info=&#8221;{}&#8221;][\/et_pb_image][\/et_pb_column][\/et_pb_row][et_pb_row _builder_version=&#8221;4.14.8&#8243; _module_preset=&#8221;default&#8221; width_tablet=&#8221;&#8221; width_phone=&#8221;100%&#8221; width_last_edited=&#8221;on|phone&#8221; max_width=&#8221;100%&#8221; custom_margin=&#8221;40px||0px||false|false&#8221; custom_padding=&#8221;||0px||false|false&#8221; hover_enabled=&#8221;0&#8243; global_colors_info=&#8221;{}&#8221; width=&#8221;100%&#8221; sticky_enabled=&#8221;0&#8243;][et_pb_column type=&#8221;4_4&#8243; _builder_version=&#8221;4.6.4&#8243; _module_preset=&#8221;default&#8221; global_colors_info=&#8221;{}&#8221;][et_pb_code raw_content_tablet=&#8221;&#8221; raw_content_phone=&#8221;<iframe src=\"%22https:\/\/www.google.com\/maps\/embed?pb=!1m18!1m12!1m3!1d2905.5354941421224!2d16.65128651548512!3d43.261156079136704!2m3!1f0!2f0!3f0!3m2!1i1024!2i768!4f13.1!3m3!1m2!1s0x134a843d929b6ceb%3A0xe74c8b0553057e5c!2sDomovinskog%20Rata%206%2C%2021420%2C%20Bol!5e0!3m2!1sen!2shr!4v1642681961131!5m2!1sen!2shr%22\" width=\"%22100%%22\" height=\"%22300%22\" style=\"%22border:0;%22\" allowfullscreen=\"%22%22\" loading=\"%22lazy%22\"><\/iframe>&#8221; raw_content_last_edited=&#8221;on|phone&#8221; _builder_version=&#8221;4.14.8&#8243; _module_preset=&#8221;default&#8221; global_colors_info=&#8221;{}&#8221;]<iframe src=\"https:\/\/www.google.com\/maps\/embed?pb=!1m18!1m12!1m3!1d2905.5354941421224!2d16.65128651548512!3d43.261156079136704!2m3!1f0!2f0!3f0!3m2!1i1024!2i768!4f13.1!3m3!1m2!1s0x134a843d929b6ceb%3A0xe74c8b0553057e5c!2sDomovinskog%20Rata%206%2C%2021420%2C%20Bol!5e0!3m2!1sen!2shr!4v1642681961131!5m2!1sen!2shr\" width=\"100%\" height=\"450\" style=\"border:0;\" allowfullscreen=\"\" loading=\"lazy\"><\/iframe>[\/et_pb_code][et_pb_text _builder_version=&#8221;4.14.8&#8243; _module_preset=&#8221;default&#8221; text_font=&#8221;EuclidCircularA Regular||||||||&#8221; text_text_color=&#8221;#000000&#8243; text_font_size=&#8221;19px&#8221; global_colors_info=&#8221;{}&#8221;]<\/p>\n<p>Address:<br \/><span>Domovinskog rata 6<br \/>Bol, Bra\u010d<br \/>21420 Croatia<\/span><\/p>\n<p>[\/et_pb_text][et_pb_button button_url=&#8221;@ET-DC@eyJkeW5hbWljIjp0cnVlLCJjb250ZW50IjoicG9zdF9saW5rX3VybF9wYWdlIiwic2V0dGluZ3MiOnsicG9zdF9pZCI6IjUxMCJ9fQ==@&#8221; button_text=&#8221;KONTAKT&#8221; button_alignment=&#8221;left&#8221; _builder_version=&#8221;4.14.8&#8243; _dynamic_attributes=&#8221;button_url&#8221; _module_preset=&#8221;default&#8221; custom_button=&#8221;on&#8221; button_text_size=&#8221;16px&#8221; button_use_icon=&#8221;off&#8221; custom_margin=&#8221;40px||||false|false&#8221; custom_padding=&#8221;14px|82px|14px|82px|false|false&#8221; custom_padding_tablet=&#8221;&#8221; custom_padding_phone=&#8221;10px|50px|10px|50px|false|false&#8221; custom_padding_last_edited=&#8221;on|phone&#8221; custom_css_main_element=&#8221;box-shadow: 0 6px 10px 0 rgba(0, 0, 0, 0.19);&#8221; global_colors_info=&#8221;{}&#8221;][\/et_pb_button][\/et_pb_column][\/et_pb_row][et_pb_row use_custom_gutter=&#8221;on&#8221; gutter_width=&#8221;2&#8243; disabled_on=&#8221;off|off|on&#8221; _builder_version=&#8221;4.14.8&#8243; _module_preset=&#8221;default&#8221; width=&#8221;100%&#8221; max_width=&#8221;100%&#8221; custom_margin=&#8221;60px||||false|false&#8221; custom_padding=&#8221;||||false|false&#8221; global_colors_info=&#8221;{}&#8221;][et_pb_column type=&#8221;4_4&#8243; _builder_version=&#8221;4.6.4&#8243; _module_preset=&#8221;default&#8221; global_colors_info=&#8221;{}&#8221;][et_pb_gallery gallery_ids=&#8221;135,353,136,134,133,391,359&#8243; show_title_and_caption=&#8221;off&#8221; show_pagination=&#8221;off&#8221; _builder_version=&#8221;4.14.8&#8243; _module_preset=&#8221;default&#8221; border_radii=&#8221;on|20px|20px|20px|20px&#8221; global_colors_info=&#8221;{}&#8221;][\/et_pb_gallery][et_pb_text disabled_on=&#8221;off|off|off&#8221; _builder_version=&#8221;4.14.8&#8243; _module_preset=&#8221;default&#8221; text_text_color=&#8221;#000000&#8243; custom_margin=&#8221;0px||40px||false|false&#8221; custom_padding=&#8221;0px||||false|false&#8221; global_colors_info=&#8221;{}&#8221;]<\/p>\n<p><span>Click on image to view gallery.<\/span><\/p>\n<p>[\/et_pb_text][\/et_pb_column][\/et_pb_row][\/et_pb_section]<\/p>","protected":false},"excerpt":{"rendered":"<p>LokacijaKliknite na fotografiju za pregled galerije.Upoznajte Bol BOL &#8211; Turisti\u010dki prvak Hrvatske 2010. 2011. Zlatni rat je na listi najljep\u0161ih mjesta na svijetu. &nbsp; Los Angeles Times objavio je popis 40 najljep\u0161ih i najizuzetnijih mjesta na svijetu. Popis sadr\u017ei najneobi\u010dnija mjesta poput Velike zlatne rupe na Bahamima, Iced Hotela u \u0160vedskoj, Podvodnog restorana na Maldiviju, [&hellip;]<\/p>","protected":false},"author":1,"featured_media":0,"parent":0,"menu_order":0,"comment_status":"closed","ping_status":"closed","template":"","meta":{"_et_pb_use_builder":"on","_et_pb_old_content":"","_et_gb_content_width":"","footnotes":""},"class_list":["post-519","page","type-page","status-publish","hentry"],"yoast_head":"<!-- This site is optimized with the Yoast SEO plugin v20.1 - https:\/\/yoast.com\/wordpress\/plugins\/seo\/ -->\n<title>Lokacija - Dobar odmor u Bolu<\/title>\n<meta name=\"robots\" content=\"index, follow, max-snippet:-1, max-image-preview:large, max-video-preview:-1\" \/>\n<link rel=\"canonical\" href=\"https:\/\/www.dobar-odmor-bol.com.hr\/en\/lokacija\/\" \/>\n<meta property=\"og:locale\" content=\"en_GB\" \/>\n<meta property=\"og:type\" content=\"article\" \/>\n<meta property=\"og:title\" content=\"Lokacija - Dobar odmor u Bolu\" \/>\n<meta property=\"og:description\" content=\"LokacijaKliknite na fotografiju za pregled galerije.Upoznajte Bol BOL - Turisti\u010dki prvak Hrvatske 2010. 2011. Zlatni rat je na listi najljep\u0161ih mjesta na svijetu. &nbsp; Los Angeles Times objavio je popis 40 najljep\u0161ih i najizuzetnijih mjesta na svijetu. Popis sadr\u017ei najneobi\u010dnija mjesta poput Velike zlatne rupe na Bahamima, Iced Hotela u \u0160vedskoj, Podvodnog restorana na Maldiviju, [&hellip;]\" \/>\n<meta property=\"og:url\" content=\"https:\/\/www.dobar-odmor-bol.com.hr\/en\/lokacija\/\" \/>\n<meta property=\"og:site_name\" content=\"Dobar odmor u Bolu\" \/>\n<meta property=\"article:modified_time\" content=\"2022-03-30T07:49:29+00:00\" \/>\n<meta name=\"twitter:card\" content=\"summary_large_image\" \/>\n<meta name=\"twitter:label1\" content=\"Estimated reading time\" \/>\n\t<meta name=\"twitter:data1\" content=\"5 minutes\" \/>\n<script type=\"application\/ld+json\" class=\"yoast-schema-graph\">{\"@context\":\"https:\/\/schema.org\",\"@graph\":[{\"@type\":\"WebPage\",\"@id\":\"https:\/\/www.dobar-odmor-bol.com.hr\/lokacija\/\",\"url\":\"https:\/\/www.dobar-odmor-bol.com.hr\/lokacija\/\",\"name\":\"Lokacija - Dobar odmor u Bolu\",\"isPartOf\":{\"@id\":\"https:\/\/www.dobar-odmor-bol.com.hr\/#website\"},\"datePublished\":\"2022-03-30T07:03:36+00:00\",\"dateModified\":\"2022-03-30T07:49:29+00:00\",\"breadcrumb\":{\"@id\":\"https:\/\/www.dobar-odmor-bol.com.hr\/lokacija\/#breadcrumb\"},\"inLanguage\":\"en-GB\",\"potentialAction\":[{\"@type\":\"ReadAction\",\"target\":[\"https:\/\/www.dobar-odmor-bol.com.hr\/lokacija\/\"]}]},{\"@type\":\"BreadcrumbList\",\"@id\":\"https:\/\/www.dobar-odmor-bol.com.hr\/lokacija\/#breadcrumb\",\"itemListElement\":[{\"@type\":\"ListItem\",\"position\":1,\"name\":\"Po\u010detna stranica\",\"item\":\"https:\/\/www.dobar-odmor-bol.com.hr\/\"},{\"@type\":\"ListItem\",\"position\":2,\"name\":\"Lokacija\"}]},{\"@type\":\"WebSite\",\"@id\":\"https:\/\/www.dobar-odmor-bol.com.hr\/#website\",\"url\":\"https:\/\/www.dobar-odmor-bol.com.hr\/\",\"name\":\"Dobar odmor u Bolu\",\"description\":\"Just another WordPress site\",\"potentialAction\":[{\"@type\":\"SearchAction\",\"target\":{\"@type\":\"EntryPoint\",\"urlTemplate\":\"https:\/\/www.dobar-odmor-bol.com.hr\/?s={search_term_string}\"},\"query-input\":\"required name=search_term_string\"}],\"inLanguage\":\"en-GB\"}]}<\/script>\n<!-- \/ Yoast SEO plugin. -->","yoast_head_json":{"title":"Lokacija - Dobar odmor u Bolu","robots":{"index":"index","follow":"follow","max-snippet":"max-snippet:-1","max-image-preview":"max-image-preview:large","max-video-preview":"max-video-preview:-1"},"canonical":"https:\/\/www.dobar-odmor-bol.com.hr\/en\/lokacija\/","og_locale":"en_GB","og_type":"article","og_title":"Lokacija - Dobar odmor u Bolu","og_description":"LokacijaKliknite na fotografiju za pregled galerije.Upoznajte Bol BOL - Turisti\u010dki prvak Hrvatske 2010. 2011. Zlatni rat je na listi najljep\u0161ih mjesta na svijetu. &nbsp; Los Angeles Times objavio je popis 40 najljep\u0161ih i najizuzetnijih mjesta na svijetu. Popis sadr\u017ei najneobi\u010dnija mjesta poput Velike zlatne rupe na Bahamima, Iced Hotela u \u0160vedskoj, Podvodnog restorana na Maldiviju, [&hellip;]","og_url":"https:\/\/www.dobar-odmor-bol.com.hr\/en\/lokacija\/","og_site_name":"Dobar odmor u Bolu","article_modified_time":"2022-03-30T07:49:29+00:00","twitter_card":"summary_large_image","twitter_misc":{"Estimated reading time":"5 minutes"},"schema":{"@context":"https:\/\/schema.org","@graph":[{"@type":"WebPage","@id":"https:\/\/www.dobar-odmor-bol.com.hr\/lokacija\/","url":"https:\/\/www.dobar-odmor-bol.com.hr\/lokacija\/","name":"Lokacija - Dobar odmor u Bolu","isPartOf":{"@id":"https:\/\/www.dobar-odmor-bol.com.hr\/#website"},"datePublished":"2022-03-30T07:03:36+00:00","dateModified":"2022-03-30T07:49:29+00:00","breadcrumb":{"@id":"https:\/\/www.dobar-odmor-bol.com.hr\/lokacija\/#breadcrumb"},"inLanguage":"en-GB","potentialAction":[{"@type":"ReadAction","target":["https:\/\/www.dobar-odmor-bol.com.hr\/lokacija\/"]}]},{"@type":"BreadcrumbList","@id":"https:\/\/www.dobar-odmor-bol.com.hr\/lokacija\/#breadcrumb","itemListElement":[{"@type":"ListItem","position":1,"name":"Po\u010detna stranica","item":"https:\/\/www.dobar-odmor-bol.com.hr\/"},{"@type":"ListItem","position":2,"name":"Lokacija"}]},{"@type":"WebSite","@id":"https:\/\/www.dobar-odmor-bol.com.hr\/#website","url":"https:\/\/www.dobar-odmor-bol.com.hr\/","name":"Dobar odmor u Bolu","description":"Just another WordPress site","potentialAction":[{"@type":"SearchAction","target":{"@type":"EntryPoint","urlTemplate":"https:\/\/www.dobar-odmor-bol.com.hr\/?s={search_term_string}"},"query-input":"required name=search_term_string"}],"inLanguage":"en-GB"}]}},"_links":{"self":[{"href":"https:\/\/www.dobar-odmor-bol.com.hr\/en\/wp-json\/wp\/v2\/pages\/519","targetHints":{"allow":["GET"]}}],"collection":[{"href":"https:\/\/www.dobar-odmor-bol.com.hr\/en\/wp-json\/wp\/v2\/pages"}],"about":[{"href":"https:\/\/www.dobar-odmor-bol.com.hr\/en\/wp-json\/wp\/v2\/types\/page"}],"author":[{"embeddable":true,"href":"https:\/\/www.dobar-odmor-bol.com.hr\/en\/wp-json\/wp\/v2\/users\/1"}],"replies":[{"embeddable":true,"href":"https:\/\/www.dobar-odmor-bol.com.hr\/en\/wp-json\/wp\/v2\/comments?post=519"}],"version-history":[{"count":11,"href":"https:\/\/www.dobar-odmor-bol.com.hr\/en\/wp-json\/wp\/v2\/pages\/519\/revisions"}],"predecessor-version":[{"id":568,"href":"https:\/\/www.dobar-odmor-bol.com.hr\/en\/wp-json\/wp\/v2\/pages\/519\/revisions\/568"}],"wp:attachment":[{"href":"https:\/\/www.dobar-odmor-bol.com.hr\/en\/wp-json\/wp\/v2\/media?parent=519"}],"curies":[{"name":"wp","href":"https:\/\/api.w.org\/{rel}","templated":true}]}}