{"id":510,"date":"2022-03-30T06:54:00","date_gmt":"2022-03-30T06:54:00","guid":{"rendered":"https:\/\/www.dobar-odmor-bol.com.hr\/?page_id=510"},"modified":"2022-04-08T10:54:00","modified_gmt":"2022-04-08T08:54:00","slug":"kontakt","status":"publish","type":"page","link":"https:\/\/www.dobar-odmor-bol.com.hr\/en\/kontakt\/","title":{"rendered":"Contact"},"content":{"rendered":"<p>[et_pb_section fb_built=&#8221;1&#8243; custom_padding_last_edited=&#8221;on|phone&#8221; _builder_version=&#8221;4.16&#8243; _module_preset=&#8221;default&#8221; background_enable_image=&#8221;off&#8221; max_width=&#8221;80%&#8221; module_alignment=&#8221;center&#8221; height_last_edited=&#8221;off|desktop&#8221; custom_margin=&#8221;0px||0px||false|false&#8221; custom_padding=&#8221;0px||20px||false|false&#8221; custom_padding_tablet=&#8221;0px||0px||false|false&#8221; custom_padding_phone=&#8221;0px||||false|false&#8221; background_last_edited=&#8221;on|phone&#8221; background_position_phone=&#8221;bottom_center&#8221; border_radii=&#8221;on|20px|20px|20px|20px&#8221; global_colors_info=&#8221;{}&#8221;][et_pb_row custom_padding_last_edited=&#8221;on|phone&#8221; _builder_version=&#8221;4.16&#8243; _module_preset=&#8221;default&#8221; width=&#8221;100%&#8221; max_width=&#8221;100%&#8221; custom_margin=&#8221;40px||0px||false|false&#8221; custom_padding=&#8221;||0px|40px|false|false&#8221; custom_padding_tablet=&#8221;||0px|40px|false|false&#8221; custom_padding_phone=&#8221;||0px|0px|false|false&#8221; global_colors_info=&#8221;{}&#8221;][et_pb_column type=&#8221;4_4&#8243; _builder_version=&#8221;4.16&#8243; _module_preset=&#8221;default&#8221; global_colors_info=&#8221;{}&#8221;][et_pb_text _builder_version=&#8221;4.16&#8243; _module_preset=&#8221;default&#8221; text_font=&#8221;EuclidCircularA Regular||||||||&#8221; text_text_color=&#8221;#000000&#8243; text_font_size=&#8221;19px&#8221; header_font=&#8221;EuclidCircularA Bold|||on|||||&#8221; header_font_size=&#8221;36px&#8221; header_font_size_tablet=&#8221;32px&#8221; header_font_size_phone=&#8221;28px&#8221; header_font_size_last_edited=&#8221;on|phone&#8221; global_colors_info=&#8221;{}&#8221;]<\/p>\n<h1>Contact<\/h1>\n<p>[\/et_pb_text][\/et_pb_column][\/et_pb_row][\/et_pb_section][et_pb_section fb_built=&#8221;1&#8243; custom_padding_last_edited=&#8221;on|phone&#8221; _builder_version=&#8221;4.16&#8243; _module_preset=&#8221;default&#8221; background_enable_image=&#8221;off&#8221; max_width=&#8221;80%&#8221; module_alignment=&#8221;center&#8221; height_tablet=&#8221;60vh&#8221; height_phone=&#8221;60vh&#8221; height_last_edited=&#8221;off|desktop&#8221; custom_margin=&#8221;0px||||false|false&#8221; custom_padding=&#8221;0px||||false|false&#8221; custom_padding_tablet=&#8221;||||false|false&#8221; custom_padding_phone=&#8221;0px||||false|false&#8221; background_last_edited=&#8221;on|phone&#8221; background_position_phone=&#8221;bottom_center&#8221; border_radii=&#8221;on|20px|20px|20px|20px&#8221; global_colors_info=&#8221;{}&#8221;][et_pb_row column_structure=&#8221;1_4,3_4&#8243; use_custom_gutter=&#8221;on&#8221; gutter_width=&#8221;1&#8243; make_equal=&#8221;on&#8221; _builder_version=&#8221;4.16&#8243; _module_preset=&#8221;default&#8221; width_tablet=&#8221;&#8221; width_phone=&#8221;100%&#8221; width_last_edited=&#8221;on|phone&#8221; max_width=&#8221;100%&#8221; custom_padding=&#8221;||||false|false&#8221; global_colors_info=&#8221;{}&#8221;][et_pb_column type=&#8221;1_4&#8243; _builder_version=&#8221;4.16&#8243; _module_preset=&#8221;default&#8221; global_colors_info=&#8221;{}&#8221;][et_pb_image src=&#8221;https:\/\/www.dobar-odmor-bol.com.hr\/wp-content\/uploads\/2022\/01\/Dinko_airbnb.png&#8221; title_text=&#8221;Dinko_airbnb&#8221; disabled_on=&#8221;on|on|off&#8221; _builder_version=&#8221;4.16&#8243; _module_preset=&#8221;default&#8221; width=&#8221;34%&#8221; width_tablet=&#8221;34%&#8221; width_phone=&#8221;25%&#8221; width_last_edited=&#8221;on|phone&#8221; module_alignment=&#8221;center&#8221; border_radii=&#8221;on|20px|20px|20px|20px&#8221; global_colors_info=&#8221;{}&#8221;][\/et_pb_image][\/et_pb_column][et_pb_column type=&#8221;3_4&#8243; _builder_version=&#8221;4.16&#8243; _module_preset=&#8221;default&#8221; global_colors_info=&#8221;{}&#8221;][et_pb_text _builder_version=&#8221;4.16.0&#8243; _module_preset=&#8221;default&#8221; text_font=&#8221;EuclidCircularA Regular||||||||&#8221; text_text_color=&#8221;#000000&#8243; text_font_size=&#8221;19px&#8221; custom_margin=&#8221;||||false|false&#8221; custom_margin_tablet=&#8221;40px||||false|false&#8221; custom_margin_phone=&#8221;40px||||false|false&#8221; custom_margin_last_edited=&#8221;on|desktop&#8221; custom_padding=&#8221;10px|40px||0px|false|false&#8221; custom_padding_tablet=&#8221;|0px|||false|false&#8221; custom_padding_phone=&#8221;|0px|||false|false&#8221; custom_padding_last_edited=&#8221;on|desktop&#8221; hover_enabled=&#8221;0&#8243; global_colors_info=&#8221;{}&#8221; text_font_size_last_edited=&#8221;on|phone&#8221; text_font_size_phone=&#8221;17px&#8221; sticky_enabled=&#8221;0&#8243; text_font_size_tablet=&#8221;19px&#8221;]<\/p>\n<p><span>Your host is Dinko, always kind, pleasant and most importantly \u2013 always at your disposal.<\/span><\/p>\n<p><span>Dinko was born in Bol, so if you are in the mood for a few local stories, Dinko will gladly treat you to a few of his favourites. But if you want to enjoy your holiday uninterrupted, you won\u2019t even notice the host unless you need him.<\/span><\/p>\n<p>[\/et_pb_text][et_pb_image src=&#8221;https:\/\/www.dobar-odmor-bol.com.hr\/wp-content\/uploads\/2022\/01\/Dinko_airbnb.png&#8221; title_text=&#8221;Dinko_airbnb&#8221; disabled_on=&#8221;off|off|on&#8221; _builder_version=&#8221;4.16&#8243; _module_preset=&#8221;default&#8221; width=&#8221;34%&#8221; width_tablet=&#8221;34%&#8221; width_phone=&#8221;25%&#8221; width_last_edited=&#8221;on|phone&#8221; module_alignment=&#8221;center&#8221; custom_margin=&#8221;40px||||false|false&#8221; border_radii=&#8221;on|20px|20px|20px|20px&#8221; global_colors_info=&#8221;{}&#8221;][\/et_pb_image][\/et_pb_column][\/et_pb_row][et_pb_row _builder_version=&#8221;4.16&#8243; _module_preset=&#8221;default&#8221; width=&#8221;100%&#8221; max_width=&#8221;80%&#8221; global_colors_info=&#8221;{}&#8221;][et_pb_column type=&#8221;4_4&#8243; _builder_version=&#8221;4.16&#8243; _module_preset=&#8221;default&#8221; global_colors_info=&#8221;{}&#8221;][et_pb_divider color=&#8221;#3d80b5&#8243; _builder_version=&#8221;4.16&#8243; _module_preset=&#8221;default&#8221; global_colors_info=&#8221;{}&#8221;][\/et_pb_divider][\/et_pb_column][\/et_pb_row][et_pb_row column_structure=&#8221;3_5,2_5&#8243; _builder_version=&#8221;4.16&#8243; _module_preset=&#8221;default&#8221; width_tablet=&#8221;&#8221; width_phone=&#8221;100%&#8221; width_last_edited=&#8221;on|phone&#8221; max_width=&#8221;100%&#8221; custom_padding=&#8221;||||false|false&#8221; global_colors_info=&#8221;{}&#8221;][et_pb_column type=&#8221;3_5&#8243; _builder_version=&#8221;4.16&#8243; _module_preset=&#8221;default&#8221; global_colors_info=&#8221;{}&#8221;][et_pb_contact_form captcha=&#8221;off&#8221; email=&#8221;marinkovic.dinko@gmail.com&#8221; success_message=&#8221;Poruka poslana&#8221; submit_button_text=&#8221;PO\u0160ALJI&#8221; _builder_version=&#8221;4.16&#8243; _module_preset=&#8221;default&#8221; _unique_id=&#8221;f8dcc51c-9ff4-4501-82fa-d12bf6a9132c&#8221; custom_button=&#8221;on&#8221; button_text_size=&#8221;16px&#8221; button_custom_margin=&#8221;20px||||false|false&#8221; button_custom_padding=&#8221;8px|60px|8px|60px|false|false&#8221; global_colors_info=&#8221;{}&#8221; button_custom_padding__hover_enabled=&#8221;off|desktop&#8221;][et_pb_contact_field field_id=&#8221;Name&#8221; field_title=&#8221;Ime i prezime&#8221; _builder_version=&#8221;4.16&#8243; global_colors_info=&#8221;{}&#8221; button_text_size__hover_enabled=&#8221;off&#8221; button_one_text_size__hover_enabled=&#8221;off&#8221; button_two_text_size__hover_enabled=&#8221;off&#8221; button_text_color__hover_enabled=&#8221;off&#8221; button_one_text_color__hover_enabled=&#8221;off&#8221; button_two_text_color__hover_enabled=&#8221;off&#8221; button_border_width__hover_enabled=&#8221;off&#8221; button_one_border_width__hover_enabled=&#8221;off&#8221; button_two_border_width__hover_enabled=&#8221;off&#8221; button_border_color__hover_enabled=&#8221;off&#8221; button_one_border_color__hover_enabled=&#8221;off&#8221; button_two_border_color__hover_enabled=&#8221;off&#8221; button_border_radius__hover_enabled=&#8221;off&#8221; button_one_border_radius__hover_enabled=&#8221;off&#8221; button_two_border_radius__hover_enabled=&#8221;off&#8221; button_letter_spacing__hover_enabled=&#8221;off&#8221; button_one_letter_spacing__hover_enabled=&#8221;off&#8221; button_two_letter_spacing__hover_enabled=&#8221;off&#8221; button_bg_color__hover_enabled=&#8221;off&#8221; button_one_bg_color__hover_enabled=&#8221;off&#8221; button_two_bg_color__hover_enabled=&#8221;off&#8221;][\/et_pb_contact_field][et_pb_contact_field field_id=&#8221;Email&#8221; field_title=&#8221;E-mail adresa&#8221; field_type=&#8221;email&#8221; _builder_version=&#8221;4.16&#8243; global_colors_info=&#8221;{}&#8221; button_text_size__hover_enabled=&#8221;off&#8221; button_one_text_size__hover_enabled=&#8221;off&#8221; button_two_text_size__hover_enabled=&#8221;off&#8221; button_text_color__hover_enabled=&#8221;off&#8221; button_one_text_color__hover_enabled=&#8221;off&#8221; button_two_text_color__hover_enabled=&#8221;off&#8221; button_border_width__hover_enabled=&#8221;off&#8221; button_one_border_width__hover_enabled=&#8221;off&#8221; button_two_border_width__hover_enabled=&#8221;off&#8221; button_border_color__hover_enabled=&#8221;off&#8221; button_one_border_color__hover_enabled=&#8221;off&#8221; button_two_border_color__hover_enabled=&#8221;off&#8221; button_border_radius__hover_enabled=&#8221;off&#8221; button_one_border_radius__hover_enabled=&#8221;off&#8221; button_two_border_radius__hover_enabled=&#8221;off&#8221; button_letter_spacing__hover_enabled=&#8221;off&#8221; button_one_letter_spacing__hover_enabled=&#8221;off&#8221; button_two_letter_spacing__hover_enabled=&#8221;off&#8221; button_bg_color__hover_enabled=&#8221;off&#8221; button_one_bg_color__hover_enabled=&#8221;off&#8221; button_two_bg_color__hover_enabled=&#8221;off&#8221;][\/et_pb_contact_field][et_pb_contact_field field_id=&#8221;Message&#8221; field_title=&#8221;Poruka&#8221; field_type=&#8221;text&#8221; fullwidth_field=&#8221;on&#8221; _builder_version=&#8221;4.16&#8243; global_colors_info=&#8221;{}&#8221; button_text_size__hover_enabled=&#8221;off&#8221; button_one_text_size__hover_enabled=&#8221;off&#8221; button_two_text_size__hover_enabled=&#8221;off&#8221; button_text_color__hover_enabled=&#8221;off&#8221; button_one_text_color__hover_enabled=&#8221;off&#8221; button_two_text_color__hover_enabled=&#8221;off&#8221; button_border_width__hover_enabled=&#8221;off&#8221; button_one_border_width__hover_enabled=&#8221;off&#8221; button_two_border_width__hover_enabled=&#8221;off&#8221; button_border_color__hover_enabled=&#8221;off&#8221; button_one_border_color__hover_enabled=&#8221;off&#8221; button_two_border_color__hover_enabled=&#8221;off&#8221; button_border_radius__hover_enabled=&#8221;off&#8221; button_one_border_radius__hover_enabled=&#8221;off&#8221; button_two_border_radius__hover_enabled=&#8221;off&#8221; button_letter_spacing__hover_enabled=&#8221;off&#8221; button_one_letter_spacing__hover_enabled=&#8221;off&#8221; button_two_letter_spacing__hover_enabled=&#8221;off&#8221; button_bg_color__hover_enabled=&#8221;off&#8221; button_one_bg_color__hover_enabled=&#8221;off&#8221; button_two_bg_color__hover_enabled=&#8221;off&#8221;][\/et_pb_contact_field][\/et_pb_contact_form][\/et_pb_column][et_pb_column type=&#8221;2_5&#8243; _builder_version=&#8221;4.16&#8243; _module_preset=&#8221;default&#8221; global_colors_info=&#8221;{}&#8221;][et_pb_text _builder_version=&#8221;4.16.0&#8243; _module_preset=&#8221;default&#8221; text_font=&#8221;EuclidCircularA Regular||||||||&#8221; text_text_color=&#8221;#000000&#8243; text_font_size=&#8221;19px&#8221; custom_margin_tablet=&#8221;&#8221; custom_margin_phone=&#8221;40px||||false|false&#8221; custom_margin_last_edited=&#8221;on|phone&#8221; hover_enabled=&#8221;0&#8243; global_colors_info=&#8221;{}&#8221; text_font_size_last_edited=&#8221;on|phone&#8221; text_font_size_phone=&#8221;16px&#8221; text_line_height_last_edited=&#8221;on|phone&#8221; text_line_height_phone=&#8221;1.3em&#8221; sticky_enabled=&#8221;0&#8243; text_font_size_tablet=&#8221;19px&#8221;]<\/p>\n<p><span>E-mail:<\/span><span><a href=\"https:\/\/mail.google.com\/mail\/?view=cm&amp;fs=1&amp;tf=1&amp;to=marinkovic.dinko@gmail.com\"><br \/>marinkovic.dinko@gmail.com<\/a><\/span><\/p>\n<p><span>Phone:<br \/><a href=\"tel: 38521635685\">++385 (0) 21 635685<\/a><br \/><a href=\"tel: 385915232175\">++385 (0) 91 5232 175<\/a><br \/><\/span><\/p>\n<p><span>Address:<br \/>Domovinskog rata 6<br \/>Bol, Bra\u010d<br \/>21420 Croatia<\/span><a href=\"mailto:marinkovic.dinko@gmail.com\"><\/a><\/p>\n<p><span>\u00a0<\/span><\/p>\n<p>[\/et_pb_text][\/et_pb_column][\/et_pb_row][et_pb_row _builder_version=&#8221;4.16&#8243; _module_preset=&#8221;default&#8221; width_tablet=&#8221;&#8221; width_phone=&#8221;100%&#8221; width_last_edited=&#8221;on|phone&#8221; max_width=&#8221;100%&#8221; custom_padding=&#8221;||||false|false&#8221; global_colors_info=&#8221;{}&#8221;][et_pb_column type=&#8221;4_4&#8243; _builder_version=&#8221;4.16&#8243; _module_preset=&#8221;default&#8221; global_colors_info=&#8221;{}&#8221;][et_pb_text _builder_version=&#8221;4.16.0&#8243; _module_preset=&#8221;default&#8221; text_font=&#8221;EuclidCircularA Regular||||||||&#8221; text_text_color=&#8221;#000000&#8243; text_font_size=&#8221;17px&#8221; text_line_height=&#8221;1.5em&#8221; hover_enabled=&#8221;0&#8243; text_font_size_tablet=&#8221;15px&#8221; text_font_size_phone=&#8221;13px&#8221; text_font_size_last_edited=&#8221;on|tablet&#8221; global_colors_info=&#8221;{}&#8221; sticky_enabled=&#8221;0&#8243;]<\/p>\n<p>Bank:  Privredna banka Zagreb d.d.<br \/>F. Rackog 6, Zagreb<br \/>IBAN: HR41 2340 0093 1036 6552 0<br \/>SWIFT address (BIC): PBZGHR2X<\/p>\n<p><span>\u00a0<\/span><\/p>\n<p>[\/et_pb_text][et_pb_divider color=&#8221;#3d80b5&#8243; _builder_version=&#8221;4.16&#8243; _module_preset=&#8221;default&#8221; global_colors_info=&#8221;{}&#8221;][\/et_pb_divider][et_pb_text _builder_version=&#8221;4.16.0&#8243; _module_preset=&#8221;default&#8221; text_font=&#8221;EuclidCircularA Regular||||||||&#8221; text_text_color=&#8221;#000000&#8243; text_font_size=&#8221;19px&#8221; hover_enabled=&#8221;0&#8243; global_colors_info=&#8221;{}&#8221; text_font_size_last_edited=&#8221;on|phone&#8221; text_font_size_phone=&#8221;16px&#8221; sticky_enabled=&#8221;0&#8243; text_font_size_tablet=&#8221;19px&#8221;]<\/p>\n<p>Useful links:<\/p>\n<p><a href=\"http:\/\/www.hak.hr\/\" target=\"_blank\" rel=\"noopener\">HAK Traffic report<\/a><br \/><a href=\"http:\/\/www.jadrolinija.hr\/\" target=\"_blank\" rel=\"noopener\">Jadrolinija<\/a><br \/><a href=\"http:\/\/www.airport-brac.hr\/\" target=\"_blank\" rel=\"noopener\">Airport Bra\u010d<\/a><br \/><a href=\"http:\/\/www.split-airport.hr\/\" target=\"_blank\" rel=\"noopener\">Airport Split<\/a><br \/><a href=\"http:\/\/www.hznet.hr\/\" target=\"_blank\" rel=\"noopener\">Croatian railways<\/a><\/p>\n<p>[\/et_pb_text][\/et_pb_column][\/et_pb_row][\/et_pb_section]<\/p>","protected":false},"excerpt":{"rendered":"<p>KontaktVa\u0161 doma\u0107in je Dinko, uvijek ljubazan, ugodan i \u0161to je najva\u017enije \u2013 uvijek na raspolaganju. Dinko je ro\u0111en u Bolu, pa ako ste raspolo\u017eeni za pokoju doma\u0107u pri\u010du, Dinko \u0107e vas rado po\u010dastiti s nekoliko svojih favorita. Ali ako \u017eelite u\u017eivati u odmoru bez prekida, doma\u0107ina ne\u0107ete ni primijetiti osim ako vam ne zatreba.E-mail:marinkovic.dinko@gmail.com Telefon:++385 [&hellip;]<\/p>","protected":false},"author":1,"featured_media":0,"parent":0,"menu_order":0,"comment_status":"closed","ping_status":"closed","template":"","meta":{"_et_pb_use_builder":"on","_et_pb_old_content":"","_et_gb_content_width":"","footnotes":""},"class_list":["post-510","page","type-page","status-publish","hentry"],"yoast_head":"<!-- This site is optimized with the Yoast SEO plugin v20.1 - https:\/\/yoast.com\/wordpress\/plugins\/seo\/ -->\n<title>Kontakt - Dobar odmor u Bolu<\/title>\n<meta name=\"robots\" content=\"index, follow, max-snippet:-1, max-image-preview:large, max-video-preview:-1\" \/>\n<link rel=\"canonical\" href=\"https:\/\/www.dobar-odmor-bol.com.hr\/en\/kontakt\/\" \/>\n<meta property=\"og:locale\" content=\"en_GB\" \/>\n<meta property=\"og:type\" content=\"article\" \/>\n<meta property=\"og:title\" content=\"Kontakt - Dobar odmor u Bolu\" \/>\n<meta property=\"og:description\" content=\"KontaktVa\u0161 doma\u0107in je Dinko, uvijek ljubazan, ugodan i \u0161to je najva\u017enije \u2013 uvijek na raspolaganju. Dinko je ro\u0111en u Bolu, pa ako ste raspolo\u017eeni za pokoju doma\u0107u pri\u010du, Dinko \u0107e vas rado po\u010dastiti s nekoliko svojih favorita. Ali ako \u017eelite u\u017eivati u odmoru bez prekida, doma\u0107ina ne\u0107ete ni primijetiti osim ako vam ne zatreba.E-mail:marinkovic.dinko@gmail.com Telefon:++385 [&hellip;]\" \/>\n<meta property=\"og:url\" content=\"https:\/\/www.dobar-odmor-bol.com.hr\/en\/kontakt\/\" \/>\n<meta property=\"og:site_name\" content=\"Dobar odmor u Bolu\" \/>\n<meta property=\"article:modified_time\" content=\"2022-04-08T08:54:00+00:00\" \/>\n<meta name=\"twitter:card\" content=\"summary_large_image\" \/>\n<meta name=\"twitter:label1\" content=\"Estimated reading time\" \/>\n\t<meta name=\"twitter:data1\" content=\"8 minutes\" \/>\n<script type=\"application\/ld+json\" class=\"yoast-schema-graph\">{\"@context\":\"https:\/\/schema.org\",\"@graph\":[{\"@type\":\"WebPage\",\"@id\":\"https:\/\/www.dobar-odmor-bol.com.hr\/kontakt\/\",\"url\":\"https:\/\/www.dobar-odmor-bol.com.hr\/kontakt\/\",\"name\":\"Kontakt - Dobar odmor u Bolu\",\"isPartOf\":{\"@id\":\"https:\/\/www.dobar-odmor-bol.com.hr\/#website\"},\"datePublished\":\"2022-03-30T06:54:00+00:00\",\"dateModified\":\"2022-04-08T08:54:00+00:00\",\"breadcrumb\":{\"@id\":\"https:\/\/www.dobar-odmor-bol.com.hr\/kontakt\/#breadcrumb\"},\"inLanguage\":\"en-GB\",\"potentialAction\":[{\"@type\":\"ReadAction\",\"target\":[\"https:\/\/www.dobar-odmor-bol.com.hr\/kontakt\/\"]}]},{\"@type\":\"BreadcrumbList\",\"@id\":\"https:\/\/www.dobar-odmor-bol.com.hr\/kontakt\/#breadcrumb\",\"itemListElement\":[{\"@type\":\"ListItem\",\"position\":1,\"name\":\"Po\u010detna stranica\",\"item\":\"https:\/\/www.dobar-odmor-bol.com.hr\/\"},{\"@type\":\"ListItem\",\"position\":2,\"name\":\"Kontakt\"}]},{\"@type\":\"WebSite\",\"@id\":\"https:\/\/www.dobar-odmor-bol.com.hr\/#website\",\"url\":\"https:\/\/www.dobar-odmor-bol.com.hr\/\",\"name\":\"Dobar odmor u Bolu\",\"description\":\"Just another WordPress site\",\"potentialAction\":[{\"@type\":\"SearchAction\",\"target\":{\"@type\":\"EntryPoint\",\"urlTemplate\":\"https:\/\/www.dobar-odmor-bol.com.hr\/?s={search_term_string}\"},\"query-input\":\"required name=search_term_string\"}],\"inLanguage\":\"en-GB\"}]}<\/script>\n<!-- \/ Yoast SEO plugin. -->","yoast_head_json":{"title":"Kontakt - Dobar odmor u Bolu","robots":{"index":"index","follow":"follow","max-snippet":"max-snippet:-1","max-image-preview":"max-image-preview:large","max-video-preview":"max-video-preview:-1"},"canonical":"https:\/\/www.dobar-odmor-bol.com.hr\/en\/kontakt\/","og_locale":"en_GB","og_type":"article","og_title":"Kontakt - Dobar odmor u Bolu","og_description":"KontaktVa\u0161 doma\u0107in je Dinko, uvijek ljubazan, ugodan i \u0161to je najva\u017enije \u2013 uvijek na raspolaganju. Dinko je ro\u0111en u Bolu, pa ako ste raspolo\u017eeni za pokoju doma\u0107u pri\u010du, Dinko \u0107e vas rado po\u010dastiti s nekoliko svojih favorita. Ali ako \u017eelite u\u017eivati u odmoru bez prekida, doma\u0107ina ne\u0107ete ni primijetiti osim ako vam ne zatreba.E-mail:marinkovic.dinko@gmail.com Telefon:++385 [&hellip;]","og_url":"https:\/\/www.dobar-odmor-bol.com.hr\/en\/kontakt\/","og_site_name":"Dobar odmor u Bolu","article_modified_time":"2022-04-08T08:54:00+00:00","twitter_card":"summary_large_image","twitter_misc":{"Estimated reading time":"8 minutes"},"schema":{"@context":"https:\/\/schema.org","@graph":[{"@type":"WebPage","@id":"https:\/\/www.dobar-odmor-bol.com.hr\/kontakt\/","url":"https:\/\/www.dobar-odmor-bol.com.hr\/kontakt\/","name":"Kontakt - Dobar odmor u Bolu","isPartOf":{"@id":"https:\/\/www.dobar-odmor-bol.com.hr\/#website"},"datePublished":"2022-03-30T06:54:00+00:00","dateModified":"2022-04-08T08:54:00+00:00","breadcrumb":{"@id":"https:\/\/www.dobar-odmor-bol.com.hr\/kontakt\/#breadcrumb"},"inLanguage":"en-GB","potentialAction":[{"@type":"ReadAction","target":["https:\/\/www.dobar-odmor-bol.com.hr\/kontakt\/"]}]},{"@type":"BreadcrumbList","@id":"https:\/\/www.dobar-odmor-bol.com.hr\/kontakt\/#breadcrumb","itemListElement":[{"@type":"ListItem","position":1,"name":"Po\u010detna stranica","item":"https:\/\/www.dobar-odmor-bol.com.hr\/"},{"@type":"ListItem","position":2,"name":"Kontakt"}]},{"@type":"WebSite","@id":"https:\/\/www.dobar-odmor-bol.com.hr\/#website","url":"https:\/\/www.dobar-odmor-bol.com.hr\/","name":"Dobar odmor u Bolu","description":"Just another WordPress site","potentialAction":[{"@type":"SearchAction","target":{"@type":"EntryPoint","urlTemplate":"https:\/\/www.dobar-odmor-bol.com.hr\/?s={search_term_string}"},"query-input":"required name=search_term_string"}],"inLanguage":"en-GB"}]}},"_links":{"self":[{"href":"https:\/\/www.dobar-odmor-bol.com.hr\/en\/wp-json\/wp\/v2\/pages\/510","targetHints":{"allow":["GET"]}}],"collection":[{"href":"https:\/\/www.dobar-odmor-bol.com.hr\/en\/wp-json\/wp\/v2\/pages"}],"about":[{"href":"https:\/\/www.dobar-odmor-bol.com.hr\/en\/wp-json\/wp\/v2\/types\/page"}],"author":[{"embeddable":true,"href":"https:\/\/www.dobar-odmor-bol.com.hr\/en\/wp-json\/wp\/v2\/users\/1"}],"replies":[{"embeddable":true,"href":"https:\/\/www.dobar-odmor-bol.com.hr\/en\/wp-json\/wp\/v2\/comments?post=510"}],"version-history":[{"count":9,"href":"https:\/\/www.dobar-odmor-bol.com.hr\/en\/wp-json\/wp\/v2\/pages\/510\/revisions"}],"predecessor-version":[{"id":618,"href":"https:\/\/www.dobar-odmor-bol.com.hr\/en\/wp-json\/wp\/v2\/pages\/510\/revisions\/618"}],"wp:attachment":[{"href":"https:\/\/www.dobar-odmor-bol.com.hr\/en\/wp-json\/wp\/v2\/media?parent=510"}],"curies":[{"name":"wp","href":"https:\/\/api.w.org\/{rel}","templated":true}]}}