{"id":474,"date":"2022-03-30T06:30:25","date_gmt":"2022-03-30T06:30:25","guid":{"rendered":"https:\/\/www.dobar-odmor-bol.com.hr\/?page_id=474"},"modified":"2022-04-01T11:09:25","modified_gmt":"2022-04-01T09:09:25","slug":"naslovnica","status":"publish","type":"page","link":"https:\/\/www.dobar-odmor-bol.com.hr\/en\/","title":{"rendered":"Naslovnica"},"content":{"rendered":"[et_pb_section fb_built=&#8221;1&#8243; _builder_version=&#8221;4.14.8&#8243; _module_preset=&#8221;default&#8221; min_height=&#8221;90vh&#8221; min_height_tablet=&#8221;100%&#8221; min_height_phone=&#8221;100%&#8221; min_height_last_edited=&#8221;on|phone&#8221; height=&#8221;90vh&#8221; height_tablet=&#8221;100%&#8221; height_phone=&#8221;100%&#8221; height_last_edited=&#8221;on|phone&#8221; max_height=&#8221;100vh&#8221; custom_padding=&#8221;0px||||false|false&#8221; global_colors_info=&#8221;{}&#8221;][et_pb_row _builder_version=&#8221;4.14.8&#8243; _module_preset=&#8221;default&#8221; width=&#8221;100%&#8221; max_width=&#8221;1920px&#8221; module_alignment=&#8221;center&#8221; min_height=&#8221;100%&#8221; height=&#8221;100%&#8221; max_height=&#8221;100%&#8221; custom_padding=&#8221;0px||0px||false|false&#8221; global_colors_info=&#8221;{}&#8221;][et_pb_column type=&#8221;4_4&#8243; _builder_version=&#8221;4.6.4&#8243; _module_preset=&#8221;default&#8221; global_colors_info=&#8221;{}&#8221;][et_pb_slider show_arrows=&#8221;off&#8221; show_pagination=&#8221;off&#8221; _builder_version=&#8221;4.14.8&#8243; _module_preset=&#8221;default&#8221; header_font=&#8221;EuclidCircularA Bold|||on|||||&#8221; header_font_size=&#8221;60px&#8221; body_font=&#8221;EuclidCircularA Regular||||||||&#8221; body_text_align=&#8221;center&#8221; body_font_size=&#8221;22px&#8221; body_line_height=&#8221;2.5em&#8221; background_enable_image=&#8221;off&#8221; custom_button=&#8221;on&#8221; button_text_size=&#8221;16px&#8221; button_border_radius=&#8221;40px&#8221; button_font=&#8221;EuclidCircularA Bold|||on|||||&#8221; button_use_icon=&#8221;off&#8221; button_alignment=&#8221;center&#8221; button_custom_margin_tablet=&#8221;&#8221; button_custom_margin_phone=&#8221;28px||||false|false&#8221; button_custom_margin_last_edited=&#8221;on|phone&#8221; button_custom_padding=&#8221;16px|80px|16px|80px|false|false&#8221; button_custom_padding_tablet=&#8221;16px|80px|16px|80px|false|false&#8221; button_custom_padding_phone=&#8221;|50px||50px|false|false&#8221; button_custom_padding_last_edited=&#8221;on|phone&#8221; height=&#8221;90vh&#8221; height_tablet=&#8221;&#8221; height_phone=&#8221;420px&#8221; height_last_edited=&#8221;on|phone&#8221; max_height=&#8221;100%&#8221; max_height_tablet=&#8221;100%&#8221; max_height_phone=&#8221;100%&#8221; max_height_last_edited=&#8221;on|desktop&#8221; custom_margin=&#8221;||||false|false&#8221; custom_margin_last_edited=&#8221;off|desktop&#8221; custom_padding=&#8221;30vh||||false|false&#8221; custom_padding_tablet=&#8221;&#8221; custom_padding_phone=&#8221;&#8221; custom_padding_last_edited=&#8221;on|desktop&#8221; auto=&#8221;on&#8221; header_font_size_tablet=&#8221;46px&#8221; header_font_size_phone=&#8221;30px&#8221; header_font_size_last_edited=&#8221;on|phone&#8221; body_font_size_tablet=&#8221;20px&#8221; body_font_size_phone=&#8221;16px&#8221; body_font_size_last_edited=&#8221;on|phone&#8221; body_line_height_tablet=&#8221;1.6em&#8221; body_line_height_phone=&#8221;&#8221; body_line_height_last_edited=&#8221;on|phone&#8221; button_text_size_tablet=&#8221;16px&#8221; button_text_size_phone=&#8221;15px&#8221; button_text_size_last_edited=&#8221;on|phone&#8221; button_border_radius_tablet=&#8221;40px&#8221; button_border_radius_phone=&#8221;40px&#8221; button_border_radius_last_edited=&#8221;on|phone&#8221; global_colors_info=&#8221;{}&#8221;][et_pb_slide heading=&#8221;Dobar odmor u Bolu&#8221; button_text=&#8221;Kontakt&#8221; button_link=&#8221;@ET-DC@eyJkeW5hbWljIjp0cnVlLCJjb250ZW50IjoicG9zdF9saW5rX3VybF9wYWdlIiwic2V0dGluZ3MiOnsicG9zdF9pZCI6IjUxMCJ9fQ==@&#8221; _builder_version=&#8221;4.14.8&#8243; _dynamic_attributes=&#8221;button_link&#8221; _module_preset=&#8221;default&#8221; header_font=&#8221;|||on|||||&#8221; background_enable_color=&#8221;off&#8221; background_image=&#8221;https:\/\/www.dobar-odmor-bol.com.hr\/wp-content\/uploads\/2022\/01\/isabel-chase-DtE3rCpbcpk-unsplash-scaled.jpg&#8221; background_enable_image=&#8221;on&#8221; custom_padding_tablet=&#8221;&#8221; custom_padding_phone=&#8221;100px||||false|false&#8221; custom_padding_last_edited=&#8221;on|phone&#8221; global_colors_info=&#8221;{}&#8221; sticky_transition=&#8221;on&#8221;][\/et_pb_slide][et_pb_slide heading=&#8221;Dobar odmor u Bolu&#8221; button_text=&#8221;Kontakt&#8221; button_link=&#8221;@ET-DC@eyJkeW5hbWljIjp0cnVlLCJjb250ZW50IjoicG9zdF9saW5rX3VybF9wYWdlIiwic2V0dGluZ3MiOnsicG9zdF9pZCI6IjUxMCJ9fQ==@&#8221; _builder_version=&#8221;4.14.8&#8243; _dynamic_attributes=&#8221;button_link&#8221; _module_preset=&#8221;default&#8221; header_font=&#8221;|||on|||||&#8221; background_enable_color=&#8221;off&#8221; background_image=&#8221;https:\/\/www.dobar-odmor-bol.com.hr\/wp-content\/uploads\/2022\/01\/oliver-sjostrom-MOeRYee8HIE-unsplash-scaled.jpg&#8221; background_enable_image=&#8221;on&#8221; custom_padding_tablet=&#8221;&#8221; custom_padding_phone=&#8221;100px||||false|false&#8221; custom_padding_last_edited=&#8221;on|phone&#8221; global_colors_info=&#8221;{}&#8221; sticky_transition=&#8221;on&#8221;][\/et_pb_slide][et_pb_slide heading=&#8221;Dobar odmor u Bolu&#8221; button_text=&#8221;Kontakt&#8221; button_link=&#8221;@ET-DC@eyJkeW5hbWljIjp0cnVlLCJjb250ZW50IjoicG9zdF9saW5rX3VybF9wYWdlIiwic2V0dGluZ3MiOnsicG9zdF9pZCI6IjUxMCJ9fQ==@&#8221; _builder_version=&#8221;4.14.8&#8243; _dynamic_attributes=&#8221;button_link&#8221; _module_preset=&#8221;default&#8221; header_font=&#8221;|||on|||||&#8221; background_enable_color=&#8221;off&#8221; background_image=&#8221;https:\/\/www.dobar-odmor-bol.com.hr\/wp-content\/uploads\/2022\/03\/Bol_Croatia-scaled.jpg&#8221; background_enable_image=&#8221;on&#8221; custom_padding_tablet=&#8221;&#8221; custom_padding_phone=&#8221;100px||||false|false&#8221; custom_padding_last_edited=&#8221;on|phone&#8221; global_colors_info=&#8221;{}&#8221; sticky_transition=&#8221;on&#8221;][\/et_pb_slide][et_pb_slide heading=&#8221;Dobar odmor u Bolu&#8221; button_text=&#8221;Kontakt&#8221; button_link=&#8221;@ET-DC@eyJkeW5hbWljIjp0cnVlLCJjb250ZW50IjoicG9zdF9saW5rX3VybF9wYWdlIiwic2V0dGluZ3MiOnsicG9zdF9pZCI6IjUxMCJ9fQ==@&#8221; _builder_version=&#8221;4.14.8&#8243; _dynamic_attributes=&#8221;button_link&#8221; _module_preset=&#8221;default&#8221; header_font=&#8221;|||on|||||&#8221; background_enable_color=&#8221;off&#8221; background_image=&#8221;https:\/\/www.dobar-odmor-bol.com.hr\/wp-content\/uploads\/2022\/03\/pogled-sa-vidove-gore.jpg&#8221; background_enable_image=&#8221;on&#8221; custom_padding_tablet=&#8221;&#8221; custom_padding_phone=&#8221;100px||||false|false&#8221; custom_padding_last_edited=&#8221;on|phone&#8221; global_colors_info=&#8221;{}&#8221; sticky_transition=&#8221;on&#8221;][\/et_pb_slide][\/et_pb_slider][\/et_pb_column][\/et_pb_row][\/et_pb_section][et_pb_section fb_built=&#8221;1&#8243; custom_padding_last_edited=&#8221;on|phone&#8221; _builder_version=&#8221;4.14.8&#8243; _module_preset=&#8221;default&#8221; custom_margin=&#8221;0px||||false|false&#8221; custom_padding=&#8221;60px||||false|false&#8221; custom_padding_tablet=&#8221;0px||||false|false&#8221; custom_padding_phone=&#8221;0px||||false|false&#8221; global_colors_info=&#8221;{}&#8221;][et_pb_row _builder_version=&#8221;4.14.8&#8243; _module_preset=&#8221;default&#8221; max_width=&#8221;1920px&#8221; module_alignment=&#8221;center&#8221; custom_padding=&#8221;0px||0px||false|false&#8221; border_radii=&#8221;on|20px|20px|20px|20px&#8221; global_colors_info=&#8221;{}&#8221;][et_pb_column type=&#8221;4_4&#8243; _builder_version=&#8221;4.6.4&#8243; _module_preset=&#8221;default&#8221; global_colors_info=&#8221;{}&#8221;][et_pb_slider show_arrows=&#8221;off&#8221; show_pagination=&#8221;off&#8221; _builder_version=&#8221;4.14.8&#8243; _module_preset=&#8221;default&#8221; header_font=&#8221;EuclidCircularA Bold|||on|||||&#8221; header_font_size=&#8221;46px&#8221; body_font=&#8221;EuclidCircularA Regular||||||||&#8221; body_text_align=&#8221;center&#8221; body_font_size=&#8221;22px&#8221; body_line_height=&#8221;2.5em&#8221; background_image=&#8221;https:\/\/www.dobar-odmor-bol.com.hr\/wp-content\/uploads\/2022\/03\/holiday-house-menego-foto.jpg&#8221; custom_button=&#8221;on&#8221; button_text_size=&#8221;16px&#8221; button_border_radius=&#8221;40px&#8221; button_font=&#8221;EuclidCircularA Bold|||on|||||&#8221; button_use_icon=&#8221;off&#8221; button_alignment=&#8221;center&#8221; button_custom_padding=&#8221;16px|80px|16px|80px|false|false&#8221; button_custom_padding_tablet=&#8221;&#8221; button_custom_padding_phone=&#8221;10px|40px|10px|40px|false|false&#8221; button_custom_padding_last_edited=&#8221;on|tablet&#8221; custom_margin=&#8221;||||false|false&#8221; custom_margin_last_edited=&#8221;off|desktop&#8221; custom_padding=&#8221;80vh||10vh||false|false&#8221; custom_padding_tablet=&#8221;30vh||||false|false&#8221; custom_padding_phone=&#8221;140px||30px||false|false&#8221; custom_padding_last_edited=&#8221;on|phone&#8221; header_font_size_tablet=&#8221;46px&#8221; header_font_size_phone=&#8221;20px&#8221; header_font_size_last_edited=&#8221;on|tablet&#8221; body_font_size_tablet=&#8221;20px&#8221; body_font_size_phone=&#8221;16px&#8221; body_font_size_last_edited=&#8221;on|phone&#8221; body_line_height_tablet=&#8221;1.6em&#8221; body_line_height_phone=&#8221;&#8221; body_line_height_last_edited=&#8221;on|phone&#8221; button_text_size_tablet=&#8221;&#8221; button_text_size_phone=&#8221;&#8221; button_text_size_last_edited=&#8221;on|tablet&#8221; global_colors_info=&#8221;{}&#8221;][et_pb_slide heading=&#8221;Ku\u0107a za odmor&#8221; button_text=&#8221;Vi\u0161e&#8221; button_link=&#8221;@ET-DC@eyJkeW5hbWljIjp0cnVlLCJjb250ZW50IjoicG9zdF9saW5rX3VybF9wYWdlIiwic2V0dGluZ3MiOnsicG9zdF9pZCI6IjUzMSJ9fQ==@&#8221; content_tablet=&#8221;<h2 style=\"%22font-size:\" 48px; line-height: 0.9; font-family: euclidcirculara bold;%22>MENEGO<\/h2>&#8221; content_phone=&#8221;<h2 style=\"%22font-size:\" 20px!important; line-height: 0.9; font-family: euclidcirculara bold;%22>MENEGO<\/h2>&#8221; content_last_edited=&#8221;on|phone&#8221; _builder_version=&#8221;4.14.8&#8243; _dynamic_attributes=&#8221;button_link&#8221; _module_preset=&#8221;default&#8221; header_level=&#8221;h2&#8243; header_font=&#8221;EuclidCircularA Regular|||on|||||&#8221; body_font=&#8221;EuclidCircularA Bold||||||||&#8221; background_enable_color=&#8221;off&#8221; background_image=&#8221;https:\/\/www.dobar-odmor-bol.com.hr\/wp-content\/uploads\/2022\/03\/MENEGO-kuca-za-odmor.jpg&#8221; background_enable_image=&#8221;on&#8221; hover_enabled=&#8221;0&#8243; header_font_size_tablet=&#8221;&#8221; header_font_size_phone=&#8221;&#8221; header_font_size_last_edited=&#8221;on|phone&#8221; global_colors_info=&#8221;{}&#8221; sticky_transition=&#8221;on&#8221; sticky_enabled=&#8221;0&#8243;]<h2 style=\"font-size: 46px; line-height: 0.9; font-family: EuclidCircularA Bold;\">MENEGO<\/h2>[\/et_pb_slide][\/et_pb_slider][\/et_pb_column][\/et_pb_row][\/et_pb_section][et_pb_section fb_built=&#8221;1&#8243; _builder_version=&#8221;4.14.8&#8243; _module_preset=&#8221;default&#8221; custom_padding=&#8221;0px||60px||false|false&#8221; global_colors_info=&#8221;{}&#8221;][et_pb_row _builder_version=&#8221;4.14.8&#8243; _module_preset=&#8221;default&#8221; max_width=&#8221;1920px&#8221; module_alignment=&#8221;center&#8221; custom_padding=&#8221;0px||0px||false|false&#8221; border_radii=&#8221;on|20px|20px|20px|20px&#8221; global_colors_info=&#8221;{}&#8221;][et_pb_column type=&#8221;4_4&#8243; _builder_version=&#8221;4.6.4&#8243; _module_preset=&#8221;default&#8221; global_colors_info=&#8221;{}&#8221;][et_pb_slider show_arrows=&#8221;off&#8221; show_pagination=&#8221;off&#8221; _builder_version=&#8221;4.14.8&#8243; _module_preset=&#8221;default&#8221; header_font=&#8221;EuclidCircularA Bold|||on|||||&#8221; header_font_size=&#8221;60px&#8221; body_font=&#8221;EuclidCircularA Regular||||||||&#8221; body_text_align=&#8221;center&#8221; body_font_size=&#8221;22px&#8221; body_line_height=&#8221;2.5em&#8221; background_image=&#8221;https:\/\/www.dobar-odmor-bol.com.hr\/wp-content\/uploads\/2022\/03\/Apartman_Cukarin_foto.jpg&#8221; custom_button=&#8221;on&#8221; button_text_size=&#8221;16px&#8221; button_border_radius=&#8221;40px&#8221; button_font=&#8221;EuclidCircularA Bold|||on|||||&#8221; button_use_icon=&#8221;off&#8221; button_alignment=&#8221;center&#8221; button_custom_padding=&#8221;16px|80px|16px|80px|false|false&#8221; button_custom_padding_tablet=&#8221;&#8221; button_custom_padding_phone=&#8221;10px|40px|10px|40px|true|false&#8221; button_custom_padding_last_edited=&#8221;on|tablet&#8221; custom_margin=&#8221;||||false|false&#8221; custom_margin_last_edited=&#8221;off|desktop&#8221; custom_padding=&#8221;80vh||10vh||false|false&#8221; custom_padding_tablet=&#8221;30vh||||false|false&#8221; custom_padding_phone=&#8221;140px||30px||false|false&#8221; custom_padding_last_edited=&#8221;on|phone&#8221; header_font_size_tablet=&#8221;46px&#8221; header_font_size_phone=&#8221;20px&#8221; header_font_size_last_edited=&#8221;on|phone&#8221; body_font_size_tablet=&#8221;20px&#8221; body_font_size_phone=&#8221;16px&#8221; body_font_size_last_edited=&#8221;on|phone&#8221; body_line_height_tablet=&#8221;1.6em&#8221; body_line_height_phone=&#8221;&#8221; body_line_height_last_edited=&#8221;on|phone&#8221; button_text_size_tablet=&#8221;&#8221; button_text_size_phone=&#8221;&#8221; button_text_size_last_edited=&#8221;on|tablet&#8221; global_colors_info=&#8221;{}&#8221; header_level=&#8221;h1&#8243;][et_pb_slide heading=&#8221;Apartman&#8221; button_text=&#8221;Vi\u0161e&#8221; button_link=&#8221;@ET-DC@eyJkeW5hbWljIjp0cnVlLCJjb250ZW50IjoicG9zdF9saW5rX3VybF9wYWdlIiwic2V0dGluZ3MiOnsicG9zdF9pZCI6IjUzNSJ9fQ==@&#8221; content_tablet=&#8221;<h2 style=\"%22font-size:\" 46px; line-height: 0.9; font-family: euclidcirculara bold;%22>CUKARIN<\/h2>&#8221; content_phone=&#8221;<h2 style=\"%22font-size:\" 20px!important; line-height: 0.9; font-family: euclidcirculara bold;%22>CUKARIN<\/h2>&#8221; content_last_edited=&#8221;on|phone&#8221; _builder_version=&#8221;4.14.8&#8243; _dynamic_attributes=&#8221;button_link&#8221; _module_preset=&#8221;default&#8221; header_level=&#8221;h1&#8243; header_font=&#8221;EuclidCircularA Regular|||on|||||&#8221; header_font_size=&#8221;46px&#8221; body_font=&#8221;EuclidCircularA Bold||||||||&#8221; background_enable_color=&#8221;off&#8221; background_image=&#8221;https:\/\/www.dobar-odmor-bol.com.hr\/wp-content\/uploads\/2022\/03\/CUKARIN-apartman.jpg&#8221; background_enable_image=&#8221;on&#8221; hover_enabled=&#8221;0&#8243; header_font_size_tablet=&#8221;&#8221; header_font_size_phone=&#8221;20px&#8221; header_font_size_last_edited=&#8221;on|phone&#8221; global_colors_info=&#8221;{}&#8221; sticky_transition=&#8221;on&#8221; sticky_enabled=&#8221;0&#8243;]<h2 style=\"font-size: 46px; line-height: 0.9; font-family: EuclidCircularA Bold;\">CUKARIN<\/h2>[\/et_pb_slide][\/et_pb_slider][\/et_pb_column][\/et_pb_row][\/et_pb_section][et_pb_section fb_built=&#8221;1&#8243; _builder_version=&#8221;4.14.8&#8243; _module_preset=&#8221;default&#8221; custom_padding=&#8221;0px||||false|false&#8221; global_colors_info=&#8221;{}&#8221;][et_pb_row _builder_version=&#8221;4.14.8&#8243; _module_preset=&#8221;default&#8221; max_width=&#8221;1920px&#8221; module_alignment=&#8221;center&#8221; custom_padding=&#8221;0px||0px||false|false&#8221; border_radii=&#8221;on|20px|20px|20px|20px&#8221; global_colors_info=&#8221;{}&#8221;][et_pb_column type=&#8221;4_4&#8243; _builder_version=&#8221;4.6.4&#8243; _module_preset=&#8221;default&#8221; global_colors_info=&#8221;{}&#8221;][et_pb_slider show_arrows=&#8221;off&#8221; show_pagination=&#8221;off&#8221; _builder_version=&#8221;4.14.8&#8243; _module_preset=&#8221;default&#8221; header_level=&#8221;h1&#8243; header_font=&#8221;EuclidCircularA Bold|||on|||||&#8221; header_font_size=&#8221;60px&#8221; body_font=&#8221;EuclidCircularA Regular||||||||&#8221; body_text_align=&#8221;center&#8221; body_font_size=&#8221;22px&#8221; body_line_height=&#8221;2.5em&#8221; background_enable_image=&#8221;off&#8221; custom_button=&#8221;on&#8221; button_text_size=&#8221;16px&#8221; button_border_radius=&#8221;40px&#8221; button_font=&#8221;EuclidCircularA Bold|||on|||||&#8221; button_use_icon=&#8221;off&#8221; button_alignment=&#8221;center&#8221; button_custom_padding=&#8221;16px|80px|16px|80px|false|false&#8221; button_custom_padding_tablet=&#8221;&#8221; button_custom_padding_phone=&#8221;10px|40px|10px|40px|true|true&#8221; button_custom_padding_last_edited=&#8221;on|tablet&#8221; custom_margin=&#8221;||||false|false&#8221; custom_margin_last_edited=&#8221;off|desktop&#8221; custom_padding=&#8221;80vh||10vh||false|false&#8221; custom_padding_tablet=&#8221;30vh||||false|false&#8221; custom_padding_phone=&#8221;140px||30px||false|false&#8221; custom_padding_last_edited=&#8221;on|tablet&#8221; hover_enabled=&#8221;0&#8243; header_font_size_tablet=&#8221;46px&#8221; header_font_size_phone=&#8221;20px&#8221; header_font_size_last_edited=&#8221;on|phone&#8221; body_font_size_tablet=&#8221;20px&#8221; body_font_size_phone=&#8221;16px&#8221; body_font_size_last_edited=&#8221;on|phone&#8221; body_line_height_tablet=&#8221;1.6em&#8221; body_line_height_phone=&#8221;&#8221; body_line_height_last_edited=&#8221;on|phone&#8221; button_text_size_tablet=&#8221;&#8221; button_text_size_phone=&#8221;&#8221; button_text_size_last_edited=&#8221;on|tablet&#8221; global_colors_info=&#8221;{}&#8221; sticky_enabled=&#8221;0&#8243;][et_pb_slide heading=&#8221;Apartman&#8221; button_text=&#8221;Vi\u0161e&#8221; button_link=&#8221;@ET-DC@eyJkeW5hbWljIjp0cnVlLCJjb250ZW50IjoicG9zdF9saW5rX3VybF9wYWdlIiwic2V0dGluZ3MiOnsicG9zdF9pZCI6IjU0MCJ9fQ==@&#8221; content_tablet=&#8221;<h2 style=\"%22font-size:\" 48px; line-height: 0.9; font-family: euclidcirculara bold;%22>LA PERLA<\/h2>&#8221; content_phone=&#8221;<h2 style=\"%22font-size:\" 20px!important; line-height: 0.9; font-family: euclidcirculara bold;%22>LA PERLA<\/h2>&#8221; content_last_edited=&#8221;on|phone&#8221; _builder_version=&#8221;4.14.8&#8243; _dynamic_attributes=&#8221;button_link&#8221; _module_preset=&#8221;default&#8221; header_level=&#8221;h3&#8243; header_font=&#8221;EuclidCircularA Regular|||on|||||&#8221; header_font_size=&#8221;46px&#8221; body_font=&#8221;EuclidCircularA Bold||||||||&#8221; background_enable_color=&#8221;off&#8221; background_image=&#8221;https:\/\/www.dobar-odmor-bol.com.hr\/wp-content\/uploads\/2022\/03\/LA-PERLA-apartman.jpg&#8221; background_enable_image=&#8221;on&#8221; hover_enabled=&#8221;0&#8243; header_font_size_tablet=&#8221;46px&#8221; header_font_size_phone=&#8221;20px&#8221; header_font_size_last_edited=&#8221;on|phone&#8221; global_colors_info=&#8221;{}&#8221; sticky_transition=&#8221;on&#8221; sticky_enabled=&#8221;0&#8243;]<h2 style=\"font-size: 46px; line-height: 0.9; font-family: EuclidCircularA Bold;\">LA PERLA<\/h2>[\/et_pb_slide][\/et_pb_slider][\/et_pb_column][\/et_pb_row][\/et_pb_section]","protected":false},"excerpt":{"rendered":"<p>MENEGOCUKARINLA PERLA<\/p>","protected":false},"author":1,"featured_media":0,"parent":0,"menu_order":0,"comment_status":"closed","ping_status":"closed","template":"","meta":{"_et_pb_use_builder":"on","_et_pb_old_content":"","_et_gb_content_width":"","footnotes":""},"class_list":["post-474","page","type-page","status-publish","hentry"],"yoast_head":"<!-- This site is optimized with the Yoast SEO plugin v20.1 - https:\/\/yoast.com\/wordpress\/plugins\/seo\/ -->\n<title>Dobar odmor u Bolu<\/title>\n<meta name=\"description\" content=\"Priu\u0161tite si dobar odmor u Bolu na Bra\u010du i u\u017eivajte u jednoj od najljep\u0161ih svjetskih destinacija - na pla\u017ei Zlatni rat.\" \/>\n<meta name=\"robots\" content=\"index, follow, max-snippet:-1, max-image-preview:large, max-video-preview:-1\" \/>\n<link rel=\"canonical\" href=\"https:\/\/www.dobar-odmor-bol.com.hr\/en\/\" \/>\n<meta property=\"og:locale\" content=\"en_GB\" \/>\n<meta property=\"og:type\" content=\"article\" \/>\n<meta property=\"og:title\" content=\"Dobar odmor u Bolu\" \/>\n<meta property=\"og:description\" content=\"Priu\u0161tite si dobar odmor u Bolu na Bra\u010du i u\u017eivajte u jednoj od najljep\u0161ih svjetskih destinacija - na pla\u017ei Zlatni rat.\" \/>\n<meta property=\"og:url\" content=\"https:\/\/www.dobar-odmor-bol.com.hr\/en\/\" \/>\n<meta property=\"og:site_name\" content=\"Dobar odmor u Bolu\" \/>\n<meta property=\"article:modified_time\" content=\"2022-04-01T09:09:25+00:00\" \/>\n<meta name=\"twitter:card\" content=\"summary_large_image\" \/>\n<meta name=\"twitter:label1\" content=\"Estimated reading time\" \/>\n\t<meta name=\"twitter:data1\" content=\"3 minutes\" \/>\n<script type=\"application\/ld+json\" class=\"yoast-schema-graph\">{\"@context\":\"https:\/\/schema.org\",\"@graph\":[{\"@type\":\"WebPage\",\"@id\":\"https:\/\/www.dobar-odmor-bol.com.hr\/\",\"url\":\"https:\/\/www.dobar-odmor-bol.com.hr\/\",\"name\":\"Dobar odmor u Bolu\",\"isPartOf\":{\"@id\":\"https:\/\/www.dobar-odmor-bol.com.hr\/#website\"},\"datePublished\":\"2022-03-30T06:30:25+00:00\",\"dateModified\":\"2022-04-01T09:09:25+00:00\",\"description\":\"Priu\u0161tite si dobar odmor u Bolu na Bra\u010du i u\u017eivajte u jednoj od najljep\u0161ih svjetskih destinacija - na pla\u017ei Zlatni rat.\",\"breadcrumb\":{\"@id\":\"https:\/\/www.dobar-odmor-bol.com.hr\/#breadcrumb\"},\"inLanguage\":\"en-GB\",\"potentialAction\":[{\"@type\":\"ReadAction\",\"target\":[\"https:\/\/www.dobar-odmor-bol.com.hr\/\"]}]},{\"@type\":\"BreadcrumbList\",\"@id\":\"https:\/\/www.dobar-odmor-bol.com.hr\/#breadcrumb\",\"itemListElement\":[{\"@type\":\"ListItem\",\"position\":1,\"name\":\"Po\u010detna stranica\",\"item\":\"https:\/\/www.dobar-odmor-bol.com.hr\/\"},{\"@type\":\"ListItem\",\"position\":2,\"name\":\"Naslovnica\"}]},{\"@type\":\"WebSite\",\"@id\":\"https:\/\/www.dobar-odmor-bol.com.hr\/#website\",\"url\":\"https:\/\/www.dobar-odmor-bol.com.hr\/\",\"name\":\"Dobar odmor u Bolu\",\"description\":\"Just another WordPress site\",\"potentialAction\":[{\"@type\":\"SearchAction\",\"target\":{\"@type\":\"EntryPoint\",\"urlTemplate\":\"https:\/\/www.dobar-odmor-bol.com.hr\/?s={search_term_string}\"},\"query-input\":\"required name=search_term_string\"}],\"inLanguage\":\"en-GB\"}]}<\/script>\n<!-- \/ Yoast SEO plugin. -->","yoast_head_json":{"title":"Dobar odmor u Bolu","description":"Priu\u0161tite si dobar odmor u Bolu na Bra\u010du i u\u017eivajte u jednoj od najljep\u0161ih svjetskih destinacija - na pla\u017ei Zlatni rat.","robots":{"index":"index","follow":"follow","max-snippet":"max-snippet:-1","max-image-preview":"max-image-preview:large","max-video-preview":"max-video-preview:-1"},"canonical":"https:\/\/www.dobar-odmor-bol.com.hr\/en\/","og_locale":"en_GB","og_type":"article","og_title":"Dobar odmor u Bolu","og_description":"Priu\u0161tite si dobar odmor u Bolu na Bra\u010du i u\u017eivajte u jednoj od najljep\u0161ih svjetskih destinacija - na pla\u017ei Zlatni rat.","og_url":"https:\/\/www.dobar-odmor-bol.com.hr\/en\/","og_site_name":"Dobar odmor u Bolu","article_modified_time":"2022-04-01T09:09:25+00:00","twitter_card":"summary_large_image","twitter_misc":{"Estimated reading time":"3 minutes"},"schema":{"@context":"https:\/\/schema.org","@graph":[{"@type":"WebPage","@id":"https:\/\/www.dobar-odmor-bol.com.hr\/","url":"https:\/\/www.dobar-odmor-bol.com.hr\/","name":"Dobar odmor u Bolu","isPartOf":{"@id":"https:\/\/www.dobar-odmor-bol.com.hr\/#website"},"datePublished":"2022-03-30T06:30:25+00:00","dateModified":"2022-04-01T09:09:25+00:00","description":"Priu\u0161tite si dobar odmor u Bolu na Bra\u010du i u\u017eivajte u jednoj od najljep\u0161ih svjetskih destinacija - na pla\u017ei Zlatni rat.","breadcrumb":{"@id":"https:\/\/www.dobar-odmor-bol.com.hr\/#breadcrumb"},"inLanguage":"en-GB","potentialAction":[{"@type":"ReadAction","target":["https:\/\/www.dobar-odmor-bol.com.hr\/"]}]},{"@type":"BreadcrumbList","@id":"https:\/\/www.dobar-odmor-bol.com.hr\/#breadcrumb","itemListElement":[{"@type":"ListItem","position":1,"name":"Po\u010detna stranica","item":"https:\/\/www.dobar-odmor-bol.com.hr\/"},{"@type":"ListItem","position":2,"name":"Naslovnica"}]},{"@type":"WebSite","@id":"https:\/\/www.dobar-odmor-bol.com.hr\/#website","url":"https:\/\/www.dobar-odmor-bol.com.hr\/","name":"Dobar odmor u Bolu","description":"Just another WordPress site","potentialAction":[{"@type":"SearchAction","target":{"@type":"EntryPoint","urlTemplate":"https:\/\/www.dobar-odmor-bol.com.hr\/?s={search_term_string}"},"query-input":"required name=search_term_string"}],"inLanguage":"en-GB"}]}},"_links":{"self":[{"href":"https:\/\/www.dobar-odmor-bol.com.hr\/en\/wp-json\/wp\/v2\/pages\/474","targetHints":{"allow":["GET"]}}],"collection":[{"href":"https:\/\/www.dobar-odmor-bol.com.hr\/en\/wp-json\/wp\/v2\/pages"}],"about":[{"href":"https:\/\/www.dobar-odmor-bol.com.hr\/en\/wp-json\/wp\/v2\/types\/page"}],"author":[{"embeddable":true,"href":"https:\/\/www.dobar-odmor-bol.com.hr\/en\/wp-json\/wp\/v2\/users\/1"}],"replies":[{"embeddable":true,"href":"https:\/\/www.dobar-odmor-bol.com.hr\/en\/wp-json\/wp\/v2\/comments?post=474"}],"version-history":[{"count":14,"href":"https:\/\/www.dobar-odmor-bol.com.hr\/en\/wp-json\/wp\/v2\/pages\/474\/revisions"}],"predecessor-version":[{"id":606,"href":"https:\/\/www.dobar-odmor-bol.com.hr\/en\/wp-json\/wp\/v2\/pages\/474\/revisions\/606"}],"wp:attachment":[{"href":"https:\/\/www.dobar-odmor-bol.com.hr\/en\/wp-json\/wp\/v2\/media?parent=474"}],"curies":[{"name":"wp","href":"https:\/\/api.w.org\/{rel}","templated":true}]}}